{"id":1254,"date":"2023-08-10T15:21:17","date_gmt":"2023-08-10T15:21:17","guid":{"rendered":"https:\/\/burovac.com\/?page_id=1254"},"modified":"2023-08-11T12:54:43","modified_gmt":"2023-08-11T12:54:43","slug":"korak-po-korak","status":"publish","type":"page","link":"https:\/\/burovac.com\/en\/korak-po-korak\/","title":{"rendered":"Step by Step"},"content":{"rendered":"<div data-elementor-type=\"wp-page\" data-elementor-id=\"1254\" class=\"elementor elementor-1254\">\n\t\t\t\t\t\t<section class=\"elementor-section elementor-top-section elementor-element elementor-element-2c204435 elementor-section-boxed elementor-section-height-default elementor-section-height-default\" data-id=\"2c204435\" data-element_type=\"section\" data-e-type=\"section\" data-settings=\"{&quot;background_background&quot;:&quot;classic&quot;}\">\n\t\t\t\t\t\t\t<div class=\"elementor-background-overlay\"><\/div>\n\t\t\t\t\t\t\t<div class=\"elementor-container elementor-column-gap-default\">\n\t\t\t\t\t<div class=\"elementor-column elementor-col-100 elementor-top-column elementor-element elementor-element-9e2bfea\" data-id=\"9e2bfea\" data-element_type=\"column\" data-e-type=\"column\">\n\t\t\t<div class=\"elementor-widget-wrap elementor-element-populated\">\n\t\t\t\t\t\t\t<\/div>\n\t\t<\/div>\n\t\t\t\t\t<\/div>\n\t\t<\/section>\n\t\t\t\t<section class=\"elementor-section elementor-top-section elementor-element elementor-element-54cddaf4 elementor-section-boxed elementor-section-height-default elementor-section-height-default\" data-id=\"54cddaf4\" data-element_type=\"section\" data-e-type=\"section\">\n\t\t\t\t\t\t<div class=\"elementor-container elementor-column-gap-default\">\n\t\t\t\t\t<div class=\"elementor-column elementor-col-100 elementor-top-column elementor-element elementor-element-65685cf2\" data-id=\"65685cf2\" data-element_type=\"column\" data-e-type=\"column\">\n\t\t\t<div class=\"elementor-widget-wrap elementor-element-populated\">\n\t\t\t\t\t\t<div class=\"elementor-element elementor-element-63d72617 elementor-widget-divider--view-line_text elementor-widget-divider--element-align-left elementor-widget elementor-widget-divider\" data-id=\"63d72617\" data-element_type=\"widget\" data-e-type=\"widget\" data-widget_type=\"divider.default\">\n\t\t\t\t<div class=\"elementor-widget-container\">\n\t\t\t\t\t\t\t<div class=\"elementor-divider\">\n\t\t\t<span class=\"elementor-divider-separator\">\n\t\t\t\t\t\t\t<h6 class=\"elementor-divider__text elementor-divider__element\">\n\t\t\t\tTV Series\t\t\t\t<\/h6>\n\t\t\t\t\t\t<\/span>\n\t\t<\/div>\n\t\t\t\t\t\t<\/div>\n\t\t\t\t<\/div>\n\t\t\t\t\t<\/div>\n\t\t<\/div>\n\t\t\t\t\t<\/div>\n\t\t<\/section>\n\t\t\t\t<section class=\"elementor-section elementor-top-section elementor-element elementor-element-6a08622e elementor-section-boxed elementor-section-height-default elementor-section-height-default\" data-id=\"6a08622e\" data-element_type=\"section\" data-e-type=\"section\">\n\t\t\t\t\t\t<div class=\"elementor-container elementor-column-gap-default\">\n\t\t\t\t\t<div class=\"elementor-column elementor-col-100 elementor-top-column elementor-element elementor-element-7602610e\" data-id=\"7602610e\" data-element_type=\"column\" data-e-type=\"column\">\n\t\t\t<div class=\"elementor-widget-wrap elementor-element-populated\">\n\t\t\t\t\t\t<div class=\"elementor-element elementor-element-5e4c891e elementor-widget elementor-widget-heading\" data-id=\"5e4c891e\" data-element_type=\"widget\" data-e-type=\"widget\" data-widget_type=\"heading.default\">\n\t\t\t\t<div class=\"elementor-widget-container\">\n\t\t\t\t\t<h2 class=\"elementor-heading-title elementor-size-default\">Step by Step<\/h2>\t\t\t\t<\/div>\n\t\t\t\t<\/div>\n\t\t\t\t\t<\/div>\n\t\t<\/div>\n\t\t\t\t\t<\/div>\n\t\t<\/section>\n\t\t\t\t<section class=\"elementor-section elementor-top-section elementor-element elementor-element-7639c5ed elementor-section-boxed elementor-section-height-default elementor-section-height-default\" data-id=\"7639c5ed\" data-element_type=\"section\" data-e-type=\"section\">\n\t\t\t\t\t\t<div class=\"elementor-container elementor-column-gap-default\">\n\t\t\t\t\t<div class=\"elementor-column elementor-col-66 elementor-top-column elementor-element elementor-element-4f0091bb\" data-id=\"4f0091bb\" data-element_type=\"column\" data-e-type=\"column\">\n\t\t\t<div class=\"elementor-widget-wrap elementor-element-populated\">\n\t\t\t\t\t\t<div class=\"elementor-element elementor-element-24be5aa8 elementor-widget elementor-widget-text-editor\" data-id=\"24be5aa8\" data-element_type=\"widget\" data-e-type=\"widget\" data-widget_type=\"text-editor.default\">\n\t\t\t\t<div class=\"elementor-widget-container\">\n\t\t\t\t\t\t\t\t\t<p>Isidora and Stefan are a couple in a marital crisis. For their wedding anniversary, Stefan gives Isidora what she has always wanted - dance lessons at the \"Step by Step\" dance studio. The dance studio is run by Luka and his girlfriend Marija, who have been dance champions for many years and also face hints of romantic issues in their relationship. Isidora has a best friend named Marko, who realizes that Isidora is the woman who can fill the emptiness in his heart, and he decides to win her over despite everything.\n\nInitially, Isidora rejects Marko's advances, but her husband Stefan still feels uncomfortable with her spending so much time with her childhood friend. Stefan refuses to attend a dance competition with Isidora due to his stage fright, so in a moment of impulsivity, she invites Marko to be her dance partner. When Stefan sees Marko at the studio, he becomes furious.\n\nIn a secret agreement with Luka, Marko invests a significant amount of money into the dance school, hoping to keep Stefan away from the lessons. Pressured by the problems in their marriage, Stefan starts to develop feelings for Marija, finding solace and understanding in her...<\/p>\t\t\t\t\t\t\t\t<\/div>\n\t\t\t\t<\/div>\n\t\t\t\t\t<\/div>\n\t\t<\/div>\n\t\t\t\t<div class=\"elementor-column elementor-col-33 elementor-top-column elementor-element elementor-element-3cf65efd\" data-id=\"3cf65efd\" data-element_type=\"column\" data-e-type=\"column\">\n\t\t\t<div class=\"elementor-widget-wrap elementor-element-populated\">\n\t\t\t\t\t\t<div class=\"elementor-element elementor-element-64f0d493 elementor-widget elementor-widget-image\" data-id=\"64f0d493\" data-element_type=\"widget\" data-e-type=\"widget\" data-widget_type=\"image.default\">\n\t\t\t\t<div class=\"elementor-widget-container\">\n\t\t\t\t\t\t\t\t\t\t\t\t\t\t\t<img fetchpriority=\"high\" decoding=\"async\" width=\"1024\" height=\"1024\" src=\"https:\/\/burovac.com\/wp-content\/uploads\/2023\/08\/download1-1024x1024.jpg\" class=\"attachment-large size-large wp-image-1261\" alt=\"\" srcset=\"https:\/\/burovac.com\/wp-content\/uploads\/2023\/08\/download1-1024x1024.jpg 1024w, https:\/\/burovac.com\/wp-content\/uploads\/2023\/08\/download1-300x300.jpg 300w, https:\/\/burovac.com\/wp-content\/uploads\/2023\/08\/download1-150x150.jpg 150w, https:\/\/burovac.com\/wp-content\/uploads\/2023\/08\/download1-768x768.jpg 768w, https:\/\/burovac.com\/wp-content\/uploads\/2023\/08\/download1-12x12.jpg 12w, https:\/\/burovac.com\/wp-content\/uploads\/2023\/08\/download1.jpg 1080w\" sizes=\"(max-width: 1024px) 100vw, 1024px\" \/>\t\t\t\t\t\t\t\t\t\t\t\t\t\t\t<\/div>\n\t\t\t\t<\/div>\n\t\t\t\t<div class=\"elementor-element elementor-element-6ebfa74c elementor-widget elementor-widget-text-editor\" data-id=\"6ebfa74c\" data-element_type=\"widget\" data-e-type=\"widget\" data-widget_type=\"text-editor.default\">\n\t\t\t\t<div class=\"elementor-widget-container\">\n\t\t\t\t\t\t\t\t\t<p>Type: TV Show<br \/>Genre: Dance Series<br \/>Premiere: 22.05.2023<br \/>Broadcast: TV B92<br \/>Number of episodes:44<\/p>\t\t\t\t\t\t\t\t<\/div>\n\t\t\t\t<\/div>\n\t\t\t\t\t<\/div>\n\t\t<\/div>\n\t\t\t\t\t<\/div>\n\t\t<\/section>\n\t\t\t\t<section class=\"elementor-section elementor-top-section elementor-element elementor-element-e64625 elementor-section-boxed elementor-section-height-default elementor-section-height-default\" data-id=\"e64625\" data-element_type=\"section\" data-e-type=\"section\">\n\t\t\t\t\t\t<div class=\"elementor-container elementor-column-gap-default\">\n\t\t\t\t\t<div class=\"elementor-column elementor-col-50 elementor-top-column elementor-element elementor-element-7bcb1f69\" data-id=\"7bcb1f69\" data-element_type=\"column\" data-e-type=\"column\">\n\t\t\t<div class=\"elementor-widget-wrap elementor-element-populated\">\n\t\t\t\t\t\t<div class=\"elementor-element elementor-element-748825ec elementor-widget elementor-widget-video\" data-id=\"748825ec\" data-element_type=\"widget\" data-e-type=\"widget\" data-settings=\"{&quot;start&quot;:1,&quot;end&quot;:33,&quot;autoplay&quot;:&quot;yes&quot;,&quot;video_type&quot;:&quot;hosted&quot;,&quot;play_on_mobile&quot;:&quot;yes&quot;}\" data-widget_type=\"video.default\">\n\t\t\t\t<div class=\"elementor-widget-container\">\n\t\t\t\t\t\t\t<div class=\"e-hosted-video elementor-wrapper elementor-open-inline\">\n\t\t\t\t\t<video class=\"elementor-video\" src=\"https:\/\/burovac.com\/wp-content\/uploads\/2023\/08\/Korak-po-korak.mp4#t=1,33\" autoplay=\"\" playsinline=\"\" controlslist=\"nodownload\"><\/video>\n\t\t\t\t<\/div>\n\t\t\t\t\t\t<\/div>\n\t\t\t\t<\/div>\n\t\t\t\t\t<\/div>\n\t\t<\/div>\n\t\t\t\t<div class=\"elementor-column elementor-col-50 elementor-top-column elementor-element elementor-element-13567dc5\" data-id=\"13567dc5\" data-element_type=\"column\" data-e-type=\"column\">\n\t\t\t<div class=\"elementor-widget-wrap elementor-element-populated\">\n\t\t\t\t\t\t<div class=\"elementor-element elementor-element-6ef0aeec elementor-widget elementor-widget-text-editor\" data-id=\"6ef0aeec\" data-element_type=\"widget\" data-e-type=\"widget\" data-widget_type=\"text-editor.default\">\n\t\t\t\t<div class=\"elementor-widget-container\">\n\t\t\t\t\t\t\t\t\t<p>The main roles are played by \u017darko Stepanov (Stefan), Mina Mili\u0107evi\u0107 (Isidora), Arsenije Tubi\u0107 (Luka), Helena Petrovi\u0107 (Marija), \u017deljko Maksimovi\u0107 (Marko), Janko Ceki\u0107 (Gaga), and Katarina Dimitrijevi\u0107 (Dajana). The director of the series is Stanislav Simi\u0107, the dramaturg is Kosta Pe\u0161evski, and the choreographer is Daniel Romanovi\u0107. The series producers are Nikola Burovac and Danijel \u0110uri\u0107.<\/p>\t\t\t\t\t\t\t\t<\/div>\n\t\t\t\t<\/div>\n\t\t\t\t\t<\/div>\n\t\t<\/div>\n\t\t\t\t\t<\/div>\n\t\t<\/section>\n\t\t\t\t<\/div>","protected":false},"excerpt":{"rendered":"<p>TV Serija korak po korak Isidora i Stefan su par u bra\u010dnoj krizi. Stefan Isidori za godi\u0161njicu braka poklanja ono \u0161to je Isidora oduvek \u017eelela \u2013 \u010dasove plesa u plesnom studiju &#8222;Korak po korak&#8220;. Plesni studio dr\u017ee Luka i njegova devojka Marija koji su plesni \u0161ampion dugi niz godina i koji se u svojoj vezi [&hellip;]<\/p>\n","protected":false},"author":1,"featured_media":0,"parent":0,"menu_order":0,"comment_status":"closed","ping_status":"closed","template":"","meta":{"_coblocks_attr":"","_coblocks_dimensions":"","_coblocks_responsive_height":"","_coblocks_accordion_ie_support":"","site-sidebar-layout":"no-sidebar","site-content-layout":"page-builder","ast-site-content-layout":"default","site-content-style":"default","site-sidebar-style":"default","ast-global-header-display":"","ast-banner-title-visibility":"","ast-main-header-display":"","ast-hfb-above-header-display":"","ast-hfb-below-header-display":"","ast-hfb-mobile-header-display":"","site-post-title":"disabled","ast-breadcrumbs-content":"","ast-featured-img":"disabled","footer-sml-layout":"","ast-disable-related-posts":"","theme-transparent-header-meta":"","adv-header-id-meta":"","stick-header-meta":"","header-above-stick-meta":"","header-main-stick-meta":"","header-below-stick-meta":"","astra-migrate-meta-layouts":"default","ast-page-background-enabled":"default","ast-page-background-meta":{"desktop":{"background-color":"","background-image":"","background-repeat":"repeat","background-position":"center center","background-size":"auto","background-attachment":"scroll","background-type":"","background-media":"","overlay-type":"","overlay-color":"","overlay-opacity":"","overlay-gradient":""},"tablet":{"background-color":"","background-image":"","background-repeat":"repeat","background-position":"center center","background-size":"auto","background-attachment":"scroll","background-type":"","background-media":"","overlay-type":"","overlay-color":"","overlay-opacity":"","overlay-gradient":""},"mobile":{"background-color":"","background-image":"","background-repeat":"repeat","background-position":"center center","background-size":"auto","background-attachment":"scroll","background-type":"","background-media":"","overlay-type":"","overlay-color":"","overlay-opacity":"","overlay-gradient":""}},"ast-content-background-meta":{"desktop":{"background-color":"var(--ast-global-color-5)","background-image":"","background-repeat":"repeat","background-position":"center center","background-size":"auto","background-attachment":"scroll","background-type":"","background-media":"","overlay-type":"","overlay-color":"","overlay-opacity":"","overlay-gradient":""},"tablet":{"background-color":"var(--ast-global-color-5)","background-image":"","background-repeat":"repeat","background-position":"center center","background-size":"auto","background-attachment":"scroll","background-type":"","background-media":"","overlay-type":"","overlay-color":"","overlay-opacity":"","overlay-gradient":""},"mobile":{"background-color":"var(--ast-global-color-5)","background-image":"","background-repeat":"repeat","background-position":"center center","background-size":"auto","background-attachment":"scroll","background-type":"","background-media":"","overlay-type":"","overlay-color":"","overlay-opacity":"","overlay-gradient":""}},"footnotes":""},"class_list":["post-1254","page","type-page","status-publish","hentry"],"_links":{"self":[{"href":"https:\/\/burovac.com\/en\/wp-json\/wp\/v2\/pages\/1254","targetHints":{"allow":["GET"]}}],"collection":[{"href":"https:\/\/burovac.com\/en\/wp-json\/wp\/v2\/pages"}],"about":[{"href":"https:\/\/burovac.com\/en\/wp-json\/wp\/v2\/types\/page"}],"author":[{"embeddable":true,"href":"https:\/\/burovac.com\/en\/wp-json\/wp\/v2\/users\/1"}],"replies":[{"embeddable":true,"href":"https:\/\/burovac.com\/en\/wp-json\/wp\/v2\/comments?post=1254"}],"version-history":[{"count":16,"href":"https:\/\/burovac.com\/en\/wp-json\/wp\/v2\/pages\/1254\/revisions"}],"predecessor-version":[{"id":1282,"href":"https:\/\/burovac.com\/en\/wp-json\/wp\/v2\/pages\/1254\/revisions\/1282"}],"wp:attachment":[{"href":"https:\/\/burovac.com\/en\/wp-json\/wp\/v2\/media?parent=1254"}],"curies":[{"name":"wp","href":"https:\/\/api.w.org\/{rel}","templated":true}]}}