{"id":1237,"date":"2023-07-21T10:51:40","date_gmt":"2023-07-21T10:51:40","guid":{"rendered":"https:\/\/burovac.com\/?page_id=1237"},"modified":"2023-07-21T11:40:21","modified_gmt":"2023-07-21T11:40:21","slug":"prigusivac","status":"publish","type":"page","link":"https:\/\/burovac.com\/en\/prigusivac\/","title":{"rendered":"The Silencer"},"content":{"rendered":"<div data-elementor-type=\"wp-page\" data-elementor-id=\"1237\" class=\"elementor elementor-1237\">\n\t\t\t\t\t\t<section class=\"elementor-section elementor-top-section elementor-element elementor-element-288bc3e1 elementor-section-boxed elementor-section-height-default elementor-section-height-default\" data-id=\"288bc3e1\" data-element_type=\"section\" data-e-type=\"section\" data-settings=\"{&quot;background_background&quot;:&quot;classic&quot;}\">\n\t\t\t\t\t\t\t<div class=\"elementor-background-overlay\"><\/div>\n\t\t\t\t\t\t\t<div class=\"elementor-container elementor-column-gap-default\">\n\t\t\t\t\t<div class=\"elementor-column elementor-col-100 elementor-top-column elementor-element elementor-element-4aadf126\" data-id=\"4aadf126\" data-element_type=\"column\" data-e-type=\"column\">\n\t\t\t<div class=\"elementor-widget-wrap elementor-element-populated\">\n\t\t\t\t\t\t\t<\/div>\n\t\t<\/div>\n\t\t\t\t\t<\/div>\n\t\t<\/section>\n\t\t\t\t<section class=\"elementor-section elementor-top-section elementor-element elementor-element-b5581c6 elementor-section-boxed elementor-section-height-default elementor-section-height-default\" data-id=\"b5581c6\" data-element_type=\"section\" data-e-type=\"section\">\n\t\t\t\t\t\t<div class=\"elementor-container elementor-column-gap-default\">\n\t\t\t\t\t<div class=\"elementor-column elementor-col-100 elementor-top-column elementor-element elementor-element-5ab1bf23\" data-id=\"5ab1bf23\" data-element_type=\"column\" data-e-type=\"column\">\n\t\t\t<div class=\"elementor-widget-wrap elementor-element-populated\">\n\t\t\t\t\t\t<div class=\"elementor-element elementor-element-7add4225 elementor-widget-divider--view-line_text elementor-widget-divider--element-align-left elementor-widget elementor-widget-divider\" data-id=\"7add4225\" data-element_type=\"widget\" data-e-type=\"widget\" data-widget_type=\"divider.default\">\n\t\t\t\t<div class=\"elementor-widget-container\">\n\t\t\t\t\t\t\t<div class=\"elementor-divider\">\n\t\t\t<span class=\"elementor-divider-separator\">\n\t\t\t\t\t\t\t<h6 class=\"elementor-divider__text elementor-divider__element\">\n\t\t\t\tMovie\t\t\t\t<\/h6>\n\t\t\t\t\t\t<\/span>\n\t\t<\/div>\n\t\t\t\t\t\t<\/div>\n\t\t\t\t<\/div>\n\t\t\t\t\t<\/div>\n\t\t<\/div>\n\t\t\t\t\t<\/div>\n\t\t<\/section>\n\t\t\t\t<section class=\"elementor-section elementor-top-section elementor-element elementor-element-6a766497 elementor-section-boxed elementor-section-height-default elementor-section-height-default\" data-id=\"6a766497\" data-element_type=\"section\" data-e-type=\"section\">\n\t\t\t\t\t\t<div class=\"elementor-container elementor-column-gap-default\">\n\t\t\t\t\t<div class=\"elementor-column elementor-col-100 elementor-top-column elementor-element elementor-element-57d6df93\" data-id=\"57d6df93\" data-element_type=\"column\" data-e-type=\"column\">\n\t\t\t<div class=\"elementor-widget-wrap elementor-element-populated\">\n\t\t\t\t\t\t<div class=\"elementor-element elementor-element-3cfd0811 elementor-widget elementor-widget-heading\" data-id=\"3cfd0811\" data-element_type=\"widget\" data-e-type=\"widget\" data-widget_type=\"heading.default\">\n\t\t\t\t<div class=\"elementor-widget-container\">\n\t\t\t\t\t<h2 class=\"elementor-heading-title elementor-size-default\">The Silencer<\/h2>\t\t\t\t<\/div>\n\t\t\t\t<\/div>\n\t\t\t\t\t<\/div>\n\t\t<\/div>\n\t\t\t\t\t<\/div>\n\t\t<\/section>\n\t\t\t\t<section class=\"elementor-section elementor-top-section elementor-element elementor-element-7ff3cbab elementor-section-boxed elementor-section-height-default elementor-section-height-default\" data-id=\"7ff3cbab\" data-element_type=\"section\" data-e-type=\"section\">\n\t\t\t\t\t\t<div class=\"elementor-container elementor-column-gap-default\">\n\t\t\t\t\t<div class=\"elementor-column elementor-col-66 elementor-top-column elementor-element elementor-element-732225ac\" data-id=\"732225ac\" data-element_type=\"column\" data-e-type=\"column\">\n\t\t\t<div class=\"elementor-widget-wrap elementor-element-populated\">\n\t\t\t\t\t\t<div class=\"elementor-element elementor-element-437f94ca elementor-widget elementor-widget-text-editor\" data-id=\"437f94ca\" data-element_type=\"widget\" data-e-type=\"widget\" data-widget_type=\"text-editor.default\">\n\t\t\t\t<div class=\"elementor-widget-container\">\n\t\t\t\t\t\t\t\t\t<p>Branislav Trifunovi\u0107 and Petar Strugar in our latest movie \"The Silencer\" directed by Goran Nikoli\u0107!<\/p><p>This new production by Film Plus Pictures is a thrilling thriller set in Belgrade, following the life of young, intelligent, and introverted Luka. After his father's suicide, Luka initiates his own investigation, believing his intuition that his father was actually murdered. He is assisted in the investigation by his girlfriend, best friend, and police inspector Goran, his father's friend portrayed by Bane Trifunovi\u0107.\u00a0<\/p><p>The cast includes: Ognjen Jovi\u0107, An\u0111ela Kuzmanovi\u0107, Petar Strugar, Branislav Trifunovi\u0107, Rastko Mi\u0107i\u0107, Zoran \u0106osi\u0107, Danica Radulovi\u0107, Nenad Gvozdenovi\u0107, Miroslav Jovi\u0107, Mihailo Lapto\u0161evi\u0107, Jelica Kova\u010devi\u0107, and Marko Pavlovski. The screenplay is written by Natalija Musi\u0107.<\/p>\t\t\t\t\t\t\t\t<\/div>\n\t\t\t\t<\/div>\n\t\t\t\t\t<\/div>\n\t\t<\/div>\n\t\t\t\t<div class=\"elementor-column elementor-col-33 elementor-top-column elementor-element elementor-element-623626c7\" data-id=\"623626c7\" data-element_type=\"column\" data-e-type=\"column\">\n\t\t\t<div class=\"elementor-widget-wrap elementor-element-populated\">\n\t\t\t\t\t\t<div class=\"elementor-element elementor-element-42e96186 elementor-widget__width-initial elementor-widget elementor-widget-image\" data-id=\"42e96186\" data-element_type=\"widget\" data-e-type=\"widget\" data-widget_type=\"image.default\">\n\t\t\t\t<div class=\"elementor-widget-container\">\n\t\t\t\t\t\t\t\t\t\t\t\t\t\t\t<img fetchpriority=\"high\" decoding=\"async\" width=\"1600\" height=\"900\" src=\"https:\/\/burovac.com\/wp-content\/uploads\/2023\/07\/IMG-20230708-WA0024.jpg\" class=\"attachment-full size-full wp-image-1240\" alt=\"\" srcset=\"https:\/\/burovac.com\/wp-content\/uploads\/2023\/07\/IMG-20230708-WA0024.jpg 1600w, https:\/\/burovac.com\/wp-content\/uploads\/2023\/07\/IMG-20230708-WA0024-300x169.jpg 300w, https:\/\/burovac.com\/wp-content\/uploads\/2023\/07\/IMG-20230708-WA0024-1024x576.jpg 1024w, https:\/\/burovac.com\/wp-content\/uploads\/2023\/07\/IMG-20230708-WA0024-768x432.jpg 768w, https:\/\/burovac.com\/wp-content\/uploads\/2023\/07\/IMG-20230708-WA0024-1536x864.jpg 1536w, https:\/\/burovac.com\/wp-content\/uploads\/2023\/07\/IMG-20230708-WA0024-18x10.jpg 18w\" sizes=\"(max-width: 1600px) 100vw, 1600px\" \/>\t\t\t\t\t\t\t\t\t\t\t\t\t\t\t<\/div>\n\t\t\t\t<\/div>\n\t\t\t\t<div class=\"elementor-element elementor-element-2180376b elementor-widget__width-initial elementor-widget elementor-widget-text-editor\" data-id=\"2180376b\" data-element_type=\"widget\" data-e-type=\"widget\" data-widget_type=\"text-editor.default\">\n\t\t\t\t<div class=\"elementor-widget-container\">\n\t\t\t\t\t\t\t\t\t<p>Director of Photography: Marko Arsi\u0107<\/p><p>Art Director: Igor Marovi\u0107<\/p><p>Screenplay: Branko \u0110ipalo<\/p><p>Costume Designer: Igor Luki\u0107<\/p><p>Music: Spejs Noksi<\/p><p>Producers: Nikola Burovac &amp; Danijel \u0110uri\u0107<\/p><p>Production: FILM PLUS PICTURES<\/p>\t\t\t\t\t\t\t\t<\/div>\n\t\t\t\t<\/div>\n\t\t\t\t\t<\/div>\n\t\t<\/div>\n\t\t\t\t\t<\/div>\n\t\t<\/section>\n\t\t\t\t<section class=\"elementor-section elementor-top-section elementor-element elementor-element-13f3aaf5 elementor-section-boxed elementor-section-height-default elementor-section-height-default\" data-id=\"13f3aaf5\" data-element_type=\"section\" data-e-type=\"section\">\n\t\t\t\t\t\t<div class=\"elementor-container elementor-column-gap-default\">\n\t\t\t\t\t<div class=\"elementor-column elementor-col-50 elementor-top-column elementor-element elementor-element-6f53ec4f\" data-id=\"6f53ec4f\" data-element_type=\"column\" data-e-type=\"column\">\n\t\t\t<div class=\"elementor-widget-wrap elementor-element-populated\">\n\t\t\t\t\t\t<div class=\"elementor-element elementor-element-3488f4a elementor-widget elementor-widget-image\" data-id=\"3488f4a\" data-element_type=\"widget\" data-e-type=\"widget\" data-widget_type=\"image.default\">\n\t\t\t\t<div class=\"elementor-widget-container\">\n\t\t\t\t\t\t\t\t\t\t\t\t\t\t\t<img decoding=\"async\" width=\"1024\" height=\"576\" src=\"https:\/\/burovac.com\/wp-content\/uploads\/2023\/07\/IMG-20230708-WA0017-1024x576.jpg\" class=\"attachment-large size-large wp-image-1241\" alt=\"\" srcset=\"https:\/\/burovac.com\/wp-content\/uploads\/2023\/07\/IMG-20230708-WA0017-1024x576.jpg 1024w, https:\/\/burovac.com\/wp-content\/uploads\/2023\/07\/IMG-20230708-WA0017-300x169.jpg 300w, https:\/\/burovac.com\/wp-content\/uploads\/2023\/07\/IMG-20230708-WA0017-768x432.jpg 768w, https:\/\/burovac.com\/wp-content\/uploads\/2023\/07\/IMG-20230708-WA0017-1536x864.jpg 1536w, https:\/\/burovac.com\/wp-content\/uploads\/2023\/07\/IMG-20230708-WA0017-18x10.jpg 18w, https:\/\/burovac.com\/wp-content\/uploads\/2023\/07\/IMG-20230708-WA0017.jpg 1600w\" sizes=\"(max-width: 1024px) 100vw, 1024px\" \/>\t\t\t\t\t\t\t\t\t\t\t\t\t\t\t<\/div>\n\t\t\t\t<\/div>\n\t\t\t\t\t<\/div>\n\t\t<\/div>\n\t\t\t\t<div class=\"elementor-column elementor-col-50 elementor-top-column elementor-element elementor-element-631c27cf\" data-id=\"631c27cf\" data-element_type=\"column\" data-e-type=\"column\">\n\t\t\t<div class=\"elementor-widget-wrap elementor-element-populated\">\n\t\t\t\t\t\t<div class=\"elementor-element elementor-element-a198ecf elementor-widget elementor-widget-text-editor\" data-id=\"a198ecf\" data-element_type=\"widget\" data-e-type=\"widget\" data-widget_type=\"text-editor.default\">\n\t\t\t\t<div class=\"elementor-widget-container\">\n\t\t\t\t\t\t\t\t\t<p>Movie \"The Silencer\" will have its premiere at the 47th Festival of Film Screenplay in Vrnja\u010dka Banja on August 12th.<\/p>\t\t\t\t\t\t\t\t<\/div>\n\t\t\t\t<\/div>\n\t\t\t\t\t<\/div>\n\t\t<\/div>\n\t\t\t\t\t<\/div>\n\t\t<\/section>\n\t\t\t\t<section class=\"elementor-section elementor-top-section elementor-element elementor-element-1158fde elementor-section-boxed elementor-section-height-default elementor-section-height-default\" data-id=\"1158fde\" data-element_type=\"section\" data-e-type=\"section\">\n\t\t\t\t\t\t<div class=\"elementor-container elementor-column-gap-default\">\n\t\t\t\t\t<div class=\"elementor-column elementor-col-100 elementor-top-column elementor-element elementor-element-aa19976\" data-id=\"aa19976\" data-element_type=\"column\" data-e-type=\"column\">\n\t\t\t<div class=\"elementor-widget-wrap\">\n\t\t\t\t\t\t\t<\/div>\n\t\t<\/div>\n\t\t\t\t\t<\/div>\n\t\t<\/section>\n\t\t\t\t<\/div>","protected":false},"excerpt":{"rendered":"<p>Film Prigu\u0161iva\u010d Branislav Trifunovi\u0107 i Petar Strugar u novom filmu \u201ePrigu\u0161iva\u010d\u201c reditelja Gorana Nikoli\u0107a! Novo ostvarenje produkcije Film Plus Pictures, napeti triler sa radnjom sme\u0161tenom u Beogradu, prati \u017eivot mladog, inteligentnog i introvertnog Luke koji posle o\u010devog samoustva pokre\u0107e sopstvenu istragu veruju\u0107i svojoj intuiciji koja mu ukazuje da mu je otac zapravo ubijen. U istrazi [&hellip;]<\/p>\n","protected":false},"author":1,"featured_media":0,"parent":0,"menu_order":0,"comment_status":"closed","ping_status":"closed","template":"","meta":{"_coblocks_attr":"","_coblocks_dimensions":"","_coblocks_responsive_height":"","_coblocks_accordion_ie_support":"","site-sidebar-layout":"no-sidebar","site-content-layout":"page-builder","ast-site-content-layout":"default","site-content-style":"default","site-sidebar-style":"default","ast-global-header-display":"","ast-banner-title-visibility":"","ast-main-header-display":"","ast-hfb-above-header-display":"","ast-hfb-below-header-display":"","ast-hfb-mobile-header-display":"","site-post-title":"disabled","ast-breadcrumbs-content":"","ast-featured-img":"disabled","footer-sml-layout":"","ast-disable-related-posts":"","theme-transparent-header-meta":"","adv-header-id-meta":"","stick-header-meta":"","header-above-stick-meta":"","header-main-stick-meta":"","header-below-stick-meta":"","astra-migrate-meta-layouts":"default","ast-page-background-enabled":"default","ast-page-background-meta":{"desktop":{"background-color":"","background-image":"","background-repeat":"repeat","background-position":"center center","background-size":"auto","background-attachment":"scroll","background-type":"","background-media":"","overlay-type":"","overlay-color":"","overlay-opacity":"","overlay-gradient":""},"tablet":{"background-color":"","background-image":"","background-repeat":"repeat","background-position":"center center","background-size":"auto","background-attachment":"scroll","background-type":"","background-media":"","overlay-type":"","overlay-color":"","overlay-opacity":"","overlay-gradient":""},"mobile":{"background-color":"","background-image":"","background-repeat":"repeat","background-position":"center center","background-size":"auto","background-attachment":"scroll","background-type":"","background-media":"","overlay-type":"","overlay-color":"","overlay-opacity":"","overlay-gradient":""}},"ast-content-background-meta":{"desktop":{"background-color":"var(--ast-global-color-5)","background-image":"","background-repeat":"repeat","background-position":"center center","background-size":"auto","background-attachment":"scroll","background-type":"","background-media":"","overlay-type":"","overlay-color":"","overlay-opacity":"","overlay-gradient":""},"tablet":{"background-color":"var(--ast-global-color-5)","background-image":"","background-repeat":"repeat","background-position":"center center","background-size":"auto","background-attachment":"scroll","background-type":"","background-media":"","overlay-type":"","overlay-color":"","overlay-opacity":"","overlay-gradient":""},"mobile":{"background-color":"var(--ast-global-color-5)","background-image":"","background-repeat":"repeat","background-position":"center center","background-size":"auto","background-attachment":"scroll","background-type":"","background-media":"","overlay-type":"","overlay-color":"","overlay-opacity":"","overlay-gradient":""}},"footnotes":""},"class_list":["post-1237","page","type-page","status-publish","hentry"],"_links":{"self":[{"href":"https:\/\/burovac.com\/en\/wp-json\/wp\/v2\/pages\/1237","targetHints":{"allow":["GET"]}}],"collection":[{"href":"https:\/\/burovac.com\/en\/wp-json\/wp\/v2\/pages"}],"about":[{"href":"https:\/\/burovac.com\/en\/wp-json\/wp\/v2\/types\/page"}],"author":[{"embeddable":true,"href":"https:\/\/burovac.com\/en\/wp-json\/wp\/v2\/users\/1"}],"replies":[{"embeddable":true,"href":"https:\/\/burovac.com\/en\/wp-json\/wp\/v2\/comments?post=1237"}],"version-history":[{"count":10,"href":"https:\/\/burovac.com\/en\/wp-json\/wp\/v2\/pages\/1237\/revisions"}],"predecessor-version":[{"id":1252,"href":"https:\/\/burovac.com\/en\/wp-json\/wp\/v2\/pages\/1237\/revisions\/1252"}],"wp:attachment":[{"href":"https:\/\/burovac.com\/en\/wp-json\/wp\/v2\/media?parent=1237"}],"curies":[{"name":"wp","href":"https:\/\/api.w.org\/{rel}","templated":true}]}}