{"id":1168,"date":"2023-03-22T16:11:30","date_gmt":"2023-03-22T16:11:30","guid":{"rendered":"https:\/\/burovac.com\/?page_id=1168"},"modified":"2023-03-23T18:28:43","modified_gmt":"2023-03-23T18:28:43","slug":"brak-mrak","status":"publish","type":"page","link":"https:\/\/burovac.com\/en\/brak-mrak\/","title":{"rendered":"Marriage is cool"},"content":{"rendered":"<div data-elementor-type=\"wp-page\" data-elementor-id=\"1168\" class=\"elementor elementor-1168\">\n\t\t\t\t\t\t<section class=\"elementor-section elementor-top-section elementor-element elementor-element-61ae7e41 elementor-section-boxed elementor-section-height-default elementor-section-height-default\" data-id=\"61ae7e41\" data-element_type=\"section\" data-e-type=\"section\" data-settings=\"{&quot;background_background&quot;:&quot;classic&quot;}\">\n\t\t\t\t\t\t\t<div class=\"elementor-background-overlay\"><\/div>\n\t\t\t\t\t\t\t<div class=\"elementor-container elementor-column-gap-default\">\n\t\t\t\t\t<div class=\"elementor-column elementor-col-100 elementor-top-column elementor-element elementor-element-637da0cf\" data-id=\"637da0cf\" data-element_type=\"column\" data-e-type=\"column\">\n\t\t\t<div class=\"elementor-widget-wrap elementor-element-populated\">\n\t\t\t\t\t\t\t<\/div>\n\t\t<\/div>\n\t\t\t\t\t<\/div>\n\t\t<\/section>\n\t\t\t\t<section class=\"elementor-section elementor-top-section elementor-element elementor-element-2ff7aaf6 elementor-section-boxed elementor-section-height-default elementor-section-height-default\" data-id=\"2ff7aaf6\" data-element_type=\"section\" data-e-type=\"section\">\n\t\t\t\t\t\t<div class=\"elementor-container elementor-column-gap-default\">\n\t\t\t\t\t<div class=\"elementor-column elementor-col-100 elementor-top-column elementor-element elementor-element-7fe059e7\" data-id=\"7fe059e7\" data-element_type=\"column\" data-e-type=\"column\">\n\t\t\t<div class=\"elementor-widget-wrap elementor-element-populated\">\n\t\t\t\t\t\t<div class=\"elementor-element elementor-element-248f5dd4 elementor-widget-divider--view-line_text elementor-widget-divider--element-align-left elementor-widget elementor-widget-divider\" data-id=\"248f5dd4\" data-element_type=\"widget\" data-e-type=\"widget\" data-widget_type=\"divider.default\">\n\t\t\t\t<div class=\"elementor-widget-container\">\n\t\t\t\t\t\t\t<div class=\"elementor-divider\">\n\t\t\t<span class=\"elementor-divider-separator\">\n\t\t\t\t\t\t\t<h6 class=\"elementor-divider__text elementor-divider__element\">\n\t\t\t\tTV Series\t\t\t\t<\/h6>\n\t\t\t\t\t\t<\/span>\n\t\t<\/div>\n\t\t\t\t\t\t<\/div>\n\t\t\t\t<\/div>\n\t\t\t\t\t<\/div>\n\t\t<\/div>\n\t\t\t\t\t<\/div>\n\t\t<\/section>\n\t\t\t\t<section class=\"elementor-section elementor-top-section elementor-element elementor-element-526341 elementor-section-boxed elementor-section-height-default elementor-section-height-default\" data-id=\"526341\" data-element_type=\"section\" data-e-type=\"section\">\n\t\t\t\t\t\t<div class=\"elementor-container elementor-column-gap-default\">\n\t\t\t\t\t<div class=\"elementor-column elementor-col-100 elementor-top-column elementor-element elementor-element-7401de0d\" data-id=\"7401de0d\" data-element_type=\"column\" data-e-type=\"column\">\n\t\t\t<div class=\"elementor-widget-wrap elementor-element-populated\">\n\t\t\t\t\t\t<div class=\"elementor-element elementor-element-33e2a94 elementor-widget elementor-widget-heading\" data-id=\"33e2a94\" data-element_type=\"widget\" data-e-type=\"widget\" data-widget_type=\"heading.default\">\n\t\t\t\t<div class=\"elementor-widget-container\">\n\t\t\t\t\t<h2 class=\"elementor-heading-title elementor-size-default\">Marriage is cool<\/h2>\t\t\t\t<\/div>\n\t\t\t\t<\/div>\n\t\t\t\t\t<\/div>\n\t\t<\/div>\n\t\t\t\t\t<\/div>\n\t\t<\/section>\n\t\t\t\t<section class=\"elementor-section elementor-top-section elementor-element elementor-element-54ed3cfe elementor-section-boxed elementor-section-height-default elementor-section-height-default\" data-id=\"54ed3cfe\" data-element_type=\"section\" data-e-type=\"section\">\n\t\t\t\t\t\t<div class=\"elementor-container elementor-column-gap-default\">\n\t\t\t\t\t<div class=\"elementor-column elementor-col-66 elementor-top-column elementor-element elementor-element-5e8b14d1\" data-id=\"5e8b14d1\" data-element_type=\"column\" data-e-type=\"column\">\n\t\t\t<div class=\"elementor-widget-wrap elementor-element-populated\">\n\t\t\t\t\t\t<div class=\"elementor-element elementor-element-6847b8d8 elementor-widget elementor-widget-text-editor\" data-id=\"6847b8d8\" data-element_type=\"widget\" data-e-type=\"widget\" data-widget_type=\"text-editor.default\">\n\t\t\t\t<div class=\"elementor-widget-container\">\n\t\t\t\t\t\t\t\t\t<div id=\"pf2\" class=\"dp-page-outer\"><div class=\"dp-page-inner\"><div id=\"pg-2pf2\" class=\"pf pg-2w0 pg-2h0\"><div class=\"pc pg-2pc2 pg-2w0 pg-2h0\"><div class=\"c pg-2x0 pg-2y0 pg-2w1 pg-2h1\"><div class=\"t pg-2m0 pg-2x1 pg-2h2 pg-2y1 pg-2ff1 pg-2fs0 pg-2fc0 pg-2sc0 pg-2ls0 pg-2ws0\">The new domestic sitcom \"Brak mrak\" is coming to TV B92 on Monday, March 20th, and will be airing every weekday at 5:15 PM!<\/div><div class=\"t pg-2m0 pg-2x1 pg-2h3 pg-2y2 pg-2ff2 pg-2fs1 pg-2fc1 pg-2sc0 pg-2ls0 pg-2ws0\">Milan and Ljubinka are a husband and wife whose marriage is approaching its end. Ljubinka suspects that Milan is cheating on her, while Milan believes that Ljubinka doesn't appreciate him and is limiting his freedom. When they are on the brink of divorce, their lives take a 180-degree turn. An attorney named Nestorovi\u0107 appears at their doorstep, informing them that Milan's great-aunt Milanka has passed away and left all her wealth to Milan. The joy over the inheritance is interrupted by the realization that there's a contract that must be upheld for the money to reach Milan's hands.\n\nThe contract stipulates that Milan and Ljubinka must not argue and that they have to take care of Milanka's beloved pet, a mouse named Bo\u0161ko. Milan has a phobia of mice and contemplates giving up the inheritance, but<\/div><div class=\"t pg-2m0 pg-2x1 pg-2h3 pg-2y9 pg-2ff2 pg-2fs1 pg-2fc1 pg-2sc0 pg-2ls0 pg-2ws0\">Ljubinka encourages him and tries to prevent him from giving up. From that point on, they both do their best to maintain a false image of their life.<\/div><\/div><\/div><\/div><\/div><\/div>\t\t\t\t\t\t\t\t<\/div>\n\t\t\t\t<\/div>\n\t\t\t\t\t<\/div>\n\t\t<\/div>\n\t\t\t\t<div class=\"elementor-column elementor-col-33 elementor-top-column elementor-element elementor-element-8f71df6\" data-id=\"8f71df6\" data-element_type=\"column\" data-e-type=\"column\">\n\t\t\t<div class=\"elementor-widget-wrap elementor-element-populated\">\n\t\t\t\t\t\t<div class=\"elementor-element elementor-element-2c6e7682 elementor-widget elementor-widget-image\" data-id=\"2c6e7682\" data-element_type=\"widget\" data-e-type=\"widget\" data-widget_type=\"image.default\">\n\t\t\t\t<div class=\"elementor-widget-container\">\n\t\t\t\t\t\t\t\t\t\t\t\t\t\t\t<img fetchpriority=\"high\" decoding=\"async\" width=\"1024\" height=\"683\" src=\"https:\/\/burovac.com\/wp-content\/uploads\/2023\/03\/brak_mrak-1024x683.png\" class=\"attachment-large size-large wp-image-1169\" alt=\"\" srcset=\"https:\/\/burovac.com\/wp-content\/uploads\/2023\/03\/brak_mrak-1024x683.png 1024w, https:\/\/burovac.com\/wp-content\/uploads\/2023\/03\/brak_mrak-300x200.png 300w, https:\/\/burovac.com\/wp-content\/uploads\/2023\/03\/brak_mrak-768x512.png 768w, https:\/\/burovac.com\/wp-content\/uploads\/2023\/03\/brak_mrak-18x12.png 18w, https:\/\/burovac.com\/wp-content\/uploads\/2023\/03\/brak_mrak.png 1200w\" sizes=\"(max-width: 1024px) 100vw, 1024px\" \/>\t\t\t\t\t\t\t\t\t\t\t\t\t\t\t<\/div>\n\t\t\t\t<\/div>\n\t\t\t\t<div class=\"elementor-element elementor-element-5aeb089c elementor-widget elementor-widget-text-editor\" data-id=\"5aeb089c\" data-element_type=\"widget\" data-e-type=\"widget\" data-widget_type=\"text-editor.default\">\n\t\t\t\t<div class=\"elementor-widget-container\">\n\t\t\t\t\t\t\t\t\t<p>Type: Series<br \/>Genre: Comedy<br \/>Premiere : 20.3.2023<br \/>Broadcast: TV B92<br \/>Number of episodes: 44<\/p>\t\t\t\t\t\t\t\t<\/div>\n\t\t\t\t<\/div>\n\t\t\t\t\t<\/div>\n\t\t<\/div>\n\t\t\t\t\t<\/div>\n\t\t<\/section>\n\t\t\t\t<section class=\"elementor-section elementor-top-section elementor-element elementor-element-1f8939d6 elementor-section-boxed elementor-section-height-default elementor-section-height-default\" data-id=\"1f8939d6\" data-element_type=\"section\" data-e-type=\"section\">\n\t\t\t\t\t\t<div class=\"elementor-container elementor-column-gap-default\">\n\t\t\t\t\t<div class=\"elementor-column elementor-col-50 elementor-top-column elementor-element elementor-element-6a7cb7f1\" data-id=\"6a7cb7f1\" data-element_type=\"column\" data-e-type=\"column\">\n\t\t\t<div class=\"elementor-widget-wrap elementor-element-populated\">\n\t\t\t\t\t\t<div class=\"elementor-element elementor-element-13c5c8a6 elementor-widget elementor-widget-video\" data-id=\"13c5c8a6\" data-element_type=\"widget\" data-e-type=\"widget\" data-settings=\"{&quot;youtube_url&quot;:&quot;https:\\\/\\\/www.youtube.com\\\/watch?v=O_gGpq5opZ4&quot;,&quot;start&quot;:0,&quot;end&quot;:12,&quot;autoplay&quot;:&quot;yes&quot;,&quot;mute&quot;:&quot;yes&quot;,&quot;loop&quot;:&quot;yes&quot;,&quot;yt_privacy&quot;:&quot;yes&quot;,&quot;video_type&quot;:&quot;youtube&quot;}\" data-widget_type=\"video.default\">\n\t\t\t\t<div class=\"elementor-widget-container\">\n\t\t\t\t\t\t\t<div class=\"elementor-wrapper elementor-open-inline\">\n\t\t\t<div class=\"elementor-video\"><\/div>\t\t<\/div>\n\t\t\t\t\t\t<\/div>\n\t\t\t\t<\/div>\n\t\t\t\t\t<\/div>\n\t\t<\/div>\n\t\t\t\t<div class=\"elementor-column elementor-col-50 elementor-top-column elementor-element elementor-element-7ff0838\" data-id=\"7ff0838\" data-element_type=\"column\" data-e-type=\"column\">\n\t\t\t<div class=\"elementor-widget-wrap elementor-element-populated\">\n\t\t\t\t\t\t<div class=\"elementor-element elementor-element-3ec3490c elementor-widget elementor-widget-text-editor\" data-id=\"3ec3490c\" data-element_type=\"widget\" data-e-type=\"widget\" data-widget_type=\"text-editor.default\">\n\t\t\t\t<div class=\"elementor-widget-container\">\n\t\t\t\t\t\t\t\t\t<div class=\"t pg-2m0 pg-2x1 pg-2h3 pg-2y9 pg-2ff2 pg-2fs1 pg-2fc1 pg-2sc0 pg-2ls0 pg-2ws0\">At the same time as the house where the main action takes place, there is also a bar where Milan meets up with<\/div><div class=\"t pg-2m0 pg-2x1 pg-2h3 pg-2yb pg-2ff2 pg-2fs1 pg-2fc1 pg-2sc0 pg-2ls0 pg-2ws0\">his best friend \u0160tuli\u0107, and An\u0111elka is a waitress at the mentioned bar, as well as Milan's former<\/div><div class=\"t pg-2m0 pg-2x1 pg-2h3 pg-2yc pg-2ff2 pg-2fs1 pg-2fc1 pg-2sc0 pg-2ls0 pg-2ws0\">girlfriend. Besides them, Tanja, Ljubinka's best friend, and Ljubinka's mother also play a role in the storyline's development.<\/div><div class=\"t pg-2m0 pg-2x1 pg-2h3 pg-2yd pg-2ff2 pg-2fs1 pg-2fc1 pg-2sc0 pg-2ls0 pg-2ws0\">Maca, koja je veliki protivnik braka svoje \u0107erke.<\/div>\t\t\t\t\t\t\t\t<\/div>\n\t\t\t\t<\/div>\n\t\t\t\t\t<\/div>\n\t\t<\/div>\n\t\t\t\t\t<\/div>\n\t\t<\/section>\n\t\t\t\t<\/div>","protected":false},"excerpt":{"rendered":"<p>TV Serija Brak mrak Novi doma\u0107i sitkom \u201cBrak mrak\u201d sti\u017ee na televiziju B92 u ponedeljak 20. marta, a emitova\u0107e se svakog radnog dana u 17:15!Milan i Ljubinka su mu\u017e i \u017eena \u010dijem braku se bli\u017ei kraj. Ljubinka sumnja da je Milan vara, Milan smatra da ga Ljubinka ne ceni i da uskra\u0107uje njegovu slobodu. Kada [&hellip;]<\/p>\n","protected":false},"author":1,"featured_media":0,"parent":0,"menu_order":0,"comment_status":"closed","ping_status":"closed","template":"","meta":{"_coblocks_attr":"","_coblocks_dimensions":"","_coblocks_responsive_height":"","_coblocks_accordion_ie_support":"","site-sidebar-layout":"no-sidebar","site-content-layout":"page-builder","ast-site-content-layout":"default","site-content-style":"default","site-sidebar-style":"default","ast-global-header-display":"","ast-banner-title-visibility":"","ast-main-header-display":"","ast-hfb-above-header-display":"","ast-hfb-below-header-display":"","ast-hfb-mobile-header-display":"","site-post-title":"disabled","ast-breadcrumbs-content":"","ast-featured-img":"disabled","footer-sml-layout":"","ast-disable-related-posts":"","theme-transparent-header-meta":"","adv-header-id-meta":"","stick-header-meta":"","header-above-stick-meta":"","header-main-stick-meta":"","header-below-stick-meta":"","astra-migrate-meta-layouts":"default","ast-page-background-enabled":"default","ast-page-background-meta":{"desktop":{"background-color":"","background-image":"","background-repeat":"repeat","background-position":"center center","background-size":"auto","background-attachment":"scroll","background-type":"","background-media":"","overlay-type":"","overlay-color":"","overlay-opacity":"","overlay-gradient":""},"tablet":{"background-color":"","background-image":"","background-repeat":"repeat","background-position":"center center","background-size":"auto","background-attachment":"scroll","background-type":"","background-media":"","overlay-type":"","overlay-color":"","overlay-opacity":"","overlay-gradient":""},"mobile":{"background-color":"","background-image":"","background-repeat":"repeat","background-position":"center center","background-size":"auto","background-attachment":"scroll","background-type":"","background-media":"","overlay-type":"","overlay-color":"","overlay-opacity":"","overlay-gradient":""}},"ast-content-background-meta":{"desktop":{"background-color":"var(--ast-global-color-5)","background-image":"","background-repeat":"repeat","background-position":"center center","background-size":"auto","background-attachment":"scroll","background-type":"","background-media":"","overlay-type":"","overlay-color":"","overlay-opacity":"","overlay-gradient":""},"tablet":{"background-color":"var(--ast-global-color-5)","background-image":"","background-repeat":"repeat","background-position":"center center","background-size":"auto","background-attachment":"scroll","background-type":"","background-media":"","overlay-type":"","overlay-color":"","overlay-opacity":"","overlay-gradient":""},"mobile":{"background-color":"var(--ast-global-color-5)","background-image":"","background-repeat":"repeat","background-position":"center center","background-size":"auto","background-attachment":"scroll","background-type":"","background-media":"","overlay-type":"","overlay-color":"","overlay-opacity":"","overlay-gradient":""}},"footnotes":""},"class_list":["post-1168","page","type-page","status-publish","hentry"],"_links":{"self":[{"href":"https:\/\/burovac.com\/en\/wp-json\/wp\/v2\/pages\/1168","targetHints":{"allow":["GET"]}}],"collection":[{"href":"https:\/\/burovac.com\/en\/wp-json\/wp\/v2\/pages"}],"about":[{"href":"https:\/\/burovac.com\/en\/wp-json\/wp\/v2\/types\/page"}],"author":[{"embeddable":true,"href":"https:\/\/burovac.com\/en\/wp-json\/wp\/v2\/users\/1"}],"replies":[{"embeddable":true,"href":"https:\/\/burovac.com\/en\/wp-json\/wp\/v2\/comments?post=1168"}],"version-history":[{"count":6,"href":"https:\/\/burovac.com\/en\/wp-json\/wp\/v2\/pages\/1168\/revisions"}],"predecessor-version":[{"id":1213,"href":"https:\/\/burovac.com\/en\/wp-json\/wp\/v2\/pages\/1168\/revisions\/1213"}],"wp:attachment":[{"href":"https:\/\/burovac.com\/en\/wp-json\/wp\/v2\/media?parent=1168"}],"curies":[{"name":"wp","href":"https:\/\/api.w.org\/{rel}","templated":true}]}}